{"id":9825,"date":"2014-12-15T07:07:06","date_gmt":"2014-12-15T07:07:06","guid":{"rendered":"http:\/\/demo.cmssuperheroes.com\/themeforest\/wp-suarez\/?page_id=9825"},"modified":"2020-10-03T03:55:49","modified_gmt":"2020-10-03T03:55:49","slug":"flower","status":"publish","type":"page","link":"https:\/\/clotconseil.ca\/blogue\/","title":{"rendered":"Accueil"},"content":{"rendered":"<p>[vc_row full_width=\u00a0\u00bbtrue\u00a0\u00bb bg_video_transparent=\u00a0\u00bb0&Prime;][vc_column]\n\t\t\t<!-- START rebondir et se propulser REVOLUTION SLIDER 6.2.23 --><p class=\"rs-p-wp-fix\"><\/p>\n\t\t\t<rs-module-wrap id=\"rev_slider_9_1_wrapper\" data-source=\"gallery\" style=\"background:transparent;padding:0;margin:0px auto;margin-top:0;margin-bottom:0;\">\n\t\t\t\t<rs-module id=\"rev_slider_9_1\" style=\"\" data-version=\"6.2.23\">\n\t\t\t\t\t<rs-slides>\n\t\t\t\t\t\t<rs-slide data-key=\"rs-17\" data-title=\"Slide\" data-anim=\"ei:d;eo:d;s:600;r:0;t:fade;sl:d;\">\n\t\t\t\t\t\t\t<img src=\"\/\/clotconseil.ca\/blogue\/wp-content\/uploads\/2016\/11\/Woman-blogging-on-computer.jpg\" title=\"Accueil\" data-bg=\"p:center top;\" data-parallax=\"10\" class=\"rev-slidebg\" data-no-retina>\n<!--\n\t\t\t\t\t\t\t--><rs-layer\n\t\t\t\t\t\t\t\tid=\"slider-9-slide-17-layer-1\" \n\t\t\t\t\t\t\t\tclass=\"rs-pxl-7\"\n\t\t\t\t\t\t\t\tdata-type=\"text\"\n\t\t\t\t\t\t\t\tdata-color=\"rgba(20,20,20,1)\"\n\t\t\t\t\t\t\t\tdata-rsp_ch=\"on\"\n\t\t\t\t\t\t\t\tdata-xy=\"x:c;xo:-223px;y:c;yo:-11px;\"\n\t\t\t\t\t\t\t\tdata-text=\"w:normal;s:32;l:44;a:inherit;\"\n\t\t\t\t\t\t\t\tdata-dim=\"w:598px;\"\n\t\t\t\t\t\t\t\tdata-frame_0=\"tp:600;\"\n\t\t\t\t\t\t\t\tdata-frame_1=\"tp:600;st:0;\"\n\t\t\t\t\t\t\t\tdata-frame_999=\"o:0;tp:600;st:w;sR:8700;\"\n\t\t\t\t\t\t\t\tstyle=\"z-index:5;font-family:Open Sans;\"\n\t\t\t\t\t\t\t>LA R\u00c9SILIENCE ORGANISATIONNELLE, LA CL\u00c9 POUR REBONDIR ET SE PROPULSER ? \n\t\t\t\t\t\t\t<\/rs-layer><!--\n\n\t\t\t\t\t\t\t--><rs-layer\n\t\t\t\t\t\t\t\tid=\"slider-9-slide-17-layer-2\" \n\t\t\t\t\t\t\t\tclass=\"rs-pxl-7\"\n\t\t\t\t\t\t\t\tdata-type=\"text\"\n\t\t\t\t\t\t\t\tdata-color=\"rgba(20,20,20,1)\"\n\t\t\t\t\t\t\t\tdata-rsp_ch=\"on\"\n\t\t\t\t\t\t\t\tdata-xy=\"x:c;xo:-223px;y:c;yo:80px;\"\n\t\t\t\t\t\t\t\tdata-text=\"w:normal;s:16;l:44;a:inherit;\"\n\t\t\t\t\t\t\t\tdata-dim=\"w:598px;\"\n\t\t\t\t\t\t\t\tdata-frame_0=\"tp:600;\"\n\t\t\t\t\t\t\t\tdata-frame_1=\"tp:600;st:0;\"\n\t\t\t\t\t\t\t\tdata-frame_999=\"o:0;tp:600;st:w;sR:8700;\"\n\t\t\t\t\t\t\t\tstyle=\"z-index:6;font-family:Open Sans;\"\n\t\t\t\t\t\t\t> par Ghislaine Clot \n\t\t\t\t\t\t\t<\/rs-layer><!--\n-->\t\t\t\t\t\t<\/rs-slide>\n\t\t\t\t\t<\/rs-slides>\n\t\t\t\t<\/rs-module>\n\t\t\t\t<script type=\"text\/javascript\">\n\t\t\t\t\tsetREVStartSize({c: 'rev_slider_9_1',rl:[1240,1024,778,480],el:[],gw:[1240],gh:[468],type:'standard',justify:'',layout:'fullwidth',mh:\"0\"});\n\t\t\t\t\tvar\trevapi9,\n\t\t\t\t\t\ttpj;\n\t\t\t\t\tfunction revinit_revslider91() {\n\t\t\t\t\tjQuery(function() {\n\t\t\t\t\t\ttpj = jQuery;\n\t\t\t\t\t\trevapi9 = tpj(\"#rev_slider_9_1\");\n\t\t\t\t\t\tif(revapi9==undefined || revapi9.revolution == undefined){\n\t\t\t\t\t\t\trevslider_showDoubleJqueryError(\"rev_slider_9_1\");\n\t\t\t\t\t\t}else{\n\t\t\t\t\t\t\trevapi9.revolution({\n\t\t\t\t\t\t\t\tsliderLayout:\"fullwidth\",\n\t\t\t\t\t\t\t\tvisibilityLevels:\"1240,1024,778,480\",\n\t\t\t\t\t\t\t\tgridwidth:1240,\n\t\t\t\t\t\t\t\tgridheight:468,\n\t\t\t\t\t\t\t\tspinner:\"spinner0\",\n\t\t\t\t\t\t\t\tperspectiveType:\"local\",\n\t\t\t\t\t\t\t\tresponsiveLevels:\"1240,1024,778,480\",\n\t\t\t\t\t\t\t\tprogressBar:{disableProgressBar:true},\n\t\t\t\t\t\t\t\tnavigation: {\n\t\t\t\t\t\t\t\t\tonHoverStop:false\n\t\t\t\t\t\t\t\t},\n\t\t\t\t\t\t\t\tparallax: {\n\t\t\t\t\t\t\t\t\tlevels:[5,10,15,20,25,30,35,40,45,46,47,48,49,50,51,55],\n\t\t\t\t\t\t\t\t\ttype:\"scroll\"\n\t\t\t\t\t\t\t\t},\n\t\t\t\t\t\t\t\tfallbacks: {\n\t\t\t\t\t\t\t\t\tallowHTML5AutoPlayOnAndroid:true\n\t\t\t\t\t\t\t\t},\n\t\t\t\t\t\t\t});\n\t\t\t\t\t\t}\n\t\t\t\t\t\t\n\t\t\t\t\t});\n\t\t\t\t\t} \/\/ End of RevInitScript\n\t\t\t\tvar once_revslider91 = false;\n\t\t\t\tif (document.readyState === \"loading\") {document.addEventListener('readystatechange',function() { if((document.readyState === \"interactive\" || document.readyState === \"complete\") && !once_revslider91 ) { once_revslider91 = true; revinit_revslider91();}});} else {once_revslider91 = true; revinit_revslider91();}\n\t\t\t\t<\/script>\n\t\t\t<\/rs-module-wrap>\n\t\t\t<!-- END REVOLUTION SLIDER -->\n[\/vc_column][\/vc_row][vc_row css=\u00a0\u00bb.vc_custom_1480494364607{margin-right: 5px !important;margin-left: 5px !important;}\u00a0\u00bb][vc_column text_align=\u00a0\u00bbcenter\u00a0\u00bb][vc_empty_space][\/vc_column][\/vc_row][vc_row css=\u00a0\u00bb.vc_custom_1480884903596{margin-right: 5px !important;margin-left: 5px !important;}\u00a0\u00bb][vc_column width=\u00a0\u00bb1\/3&Prime; text_align=\u00a0\u00bbcenter\u00a0\u00bb css=\u00a0\u00bb.vc_custom_1480892244952{margin-left: -80px !important; margin-right: 80px;padding-left: 0px !important;}\u00a0\u00bb][vc_raw_html]JTNDc3R5bGUlM0UlMEElMjAlMjAlMjAuaGlnaGxpZ2h0LXJlZCUyMCU3QiUwQSUyMCUyMCUyMCUyMCUyMCUyMCUyMGNvbG9yJTNBJTIwJTIzRkZGRkZGJTNCJTBBJTIwJTIwJTIwJTIwJTIwJTIwJTIwYmFja2dyb3VuZC1jb2xvciUzQSUyMCUyM0M3MTU4NSUzQiUwQSUyMCUyMCUyMCUyMCUyMCUyMCUyMHBhZGRpbmctbGVmdCUzQSUyMDVweCUzQiUwQSUyMCUyMCUyMCUyMCUyMCUyMCUyMHBhZGRpbmctcmlnaHQlM0ElMjA1cHglM0IlMEElMjAlMjAlMjAlMjAlMjAlMjAlMjBwb3NpdGlvbiUzQSUyMHJlbGF0aXZlJTNCJTBBJTIwJTIwJTIwJTIwJTIwJTIwJTIwdHJhbnNpdGlvbiUzQSUyMCUyMC43cyUzQiUwQSUyMCUyMCUyMCUyMCUyMCUyMCUyMGZvbnQtd2VpZ2h0JTNBJTIwMTAwJTNCJTBBJTdEJTIwJTBBJTIwJTIwJTIwJTIwLnR4dC1yZWQlMjAlN0IlMEElMjAlMjAlMjAlMjAlMjAlMjAlMjAlMjBjb2xvciUzQSUyMCUyMCUyM0M3MTU4NSUzQiUwQSUyMCUyMCUyMCUyMCUyMCUyMCUyMCUyMHBvc2l0aW9uJTNBJTIwcmVsYXRpdmUlM0IlMEElMjAlMjAlMjAlMjAlMjAlMjAlMjAlMjB0cmFuc2l0aW9uJTNBJTIwJTIwLjdzJTNCJTBBJTdEJTBBJTBBJTIwJTIwJTIwJTIwLmRpdiUyMCU3QiUwQSUyMCUyMCUyMCUyMCUyMCUyMCUyMCUyMGZvbnQtc2l6ZSUzQSUyMDMwcHglM0IlMEElMjAlMjAlMjAlMjAlMjAlMjAlMjAlMjBsaW5lLWhlaWdodCUzQSUyMDM3cHglM0IlMEElMjAlMjAlMjAlMjAlMjAlMjAlMjAlMjBwb3NpdGlvbiUzQSUyMHJlbGF0aXZlJTNCJTBBJTIwJTIwJTIwJTIwJTIwJTIwJTIwJTIwbGVmdCUzQSUyMDUwcHglM0IlMEElMjAlMjAlMjAlMjAlMjAlMjAlMjAlMjByaWdodCUzQSUyMDUwcHglM0IlMEElMjAlMjAlMjAlMjAlMjAlMjAlMjBtYXJnaW4tbGVmdCUzQSUyMCUyMDQwcHglM0IlMEElN0QlMEElMjAlMjAlMjAlMjAuZGl2JTNBaG92ZXIlMjAudHh0LXJlZCUyMCU3QiUyMCUwQSUyMCUyMCUyMCUyMCUyMCUyMCUyMCUyMGNvbG9yJTNBJTIwJTIzMDBDRUQxJTNCJTBBJTIwJTIwJTIwJTIwJTIwJTIwJTIwZm9udC13ZWlnaHQlM0ElMjBib2xkJTNCJTBBJTIwJTIwJTIwJTIwJTIwJTIwJTIwbGV0dGVyLXNwYWNpbmclM0ElMjAycHglM0IlMEElMjAlN0QlMEElMEElMjAlMjAlMjAlMjAuZGl2JTNBaG92ZXIlMjAuaGlnaGxpZ2h0LXJlZCUyMCU3QiUyMCUyMCUwQSUyMCUyMCUyMCUyMCUyMCUyMCUyMCUyMGJhY2tncm91bmQtY29sb3IlM0ElMjAlMjMwMENFRDElM0IlMEElMjAlMjAlMjAlMjAlMjAlMjAlMjAlMjBmb250LXdlaWdodCUzQSUyMDQwMCUzQiUwQSUyMCUyMCUyMCUyMCUyMCUyMCUyMCUyMHRyYW5zaXRpb24lM0ElMjAlMjAuN3MlM0IlMEElMjAlMjAlMjAlMjAlMjAlMjAlMjAlMjBsZXR0ZXItc3BhY2luZyUzQSUyMDJweCUzQiUwQSU3RCUyMCUyMCUyMCUyMCUwQSUzQyUyRnN0eWxlJTNFJTBBJTBBJTNDYSUyMGhyZWYlM0QlMjJodHRwJTNBJTJGJTJGY2xvdGNvbnNlaWwuY2ElMkZibG9ndWUlMkZsZWFkZXJzaGlwLWF1LWZlbWluaW4tbWFzY3VsaW4lMkYlMjIlM0UlMEElM0NkaXYlMjBjbGFzcyUzRCUyMmRpdiUyMiUzRSUwQSUyMCUyMCUyMCUzQ2NlbnRlciUzRSUwQSUyMCUyMCUyMCUyMCUzQ3NwYW4lMjBjbGFzcyUzRCUyMmhpZ2hsaWdodC1yZWQlMjIlM0VMZWFkZXJzaGlwJTIwYXUlM0MlMkZzcGFuJTNFJTBBJTIwJTIwJTIwJTIwJTNDcCUyMGNsYXNzJTNEJTIydHh0LXJlZCUyMiUyMCUzRUYlQzMlQTltaW5pbiUyMCUyNiUyME1hc2N1bGluJTNDJTJGcCUzRSUwQSUyMCUyMCUyMCUyMCUzQyUyRmNlbnRlciUzRSUwQSUzQyUyRmRpdiUzRSUzQyUyRmElM0U=[\/vc_raw_html][\/vc_column][vc_column width=\u00a0\u00bb1\/3&Prime; css=\u00a0\u00bb.vc_custom_1480892244952{margin-left: -80px !important;margin-right: 100px !important;padding-left: 0px !important;}\u00a0\u00bb][vc_raw_html]JTNDc3R5bGUlM0UlMEElMjAlMjAlMjAuaGlnaGxpZ2h0LWJsdWUlMjAlN0IlMEElMjAlMjAlMjAlMjAlMjAlMjAlMjBjb2xvciUzQSUyMCUyM0ZGRkZGRiUzQiUwQSUyMCUyMCUyMCUyMCUyMCUyMCUyMGJhY2tncm91bmQtY29sb3IlM0ElMjAlMjMwMENFRDElM0IlMEElMjAlMjAlMjAlMjAlMjAlMjAlMjBwYWRkaW5nLWxlZnQlM0ElMjA1cHglM0IlMEElMjAlMjAlMjAlMjAlMjAlMjAlMjBwYWRkaW5nLXJpZ2h0JTNBJTIwNXB4JTNCJTBBJTIwJTIwJTIwJTIwJTIwJTIwJTIwcG9zaXRpb24lM0ElMjByZWxhdGl2ZSUzQiUwQSUyMCUyMCUyMCUyMCUyMCUyMCUyMHRyYW5zaXRpb24lM0ElMjAlMjAuN3MlM0IlMEElMjAlMjAlMjAlMjAlMjAlMjAlMjBmb250LXdlaWdodCUzQSUyMDEwMCUzQiUwQSU3RCUyMCUwQSUyMCUyMCUyMCUyMC50eHQtYmx1ZSUyMCU3QiUwQSUyMCUyMCUyMCUyMCUyMCUyMCUyMCUyMGNvbG9yJTNBJTIwJTIwJTIzMDBDRUQxJTNCJTBBJTIwJTIwJTIwJTIwJTIwJTIwJTIwJTIwcG9zaXRpb24lM0ElMjByZWxhdGl2ZSUzQiUwQSUyMCUyMCUyMCUyMCUyMCUyMCUyMCUyMHRyYW5zaXRpb24lM0ElMjAlMjAuN3MlM0IlMEElN0QlMEElMEElMjAlMjAlMjAlMjAuZGl2JTIwJTdCJTBBJTIwJTIwJTIwJTIwJTIwJTIwJTIwJTIwZm9udC1zaXplJTNBJTIwMzBweCUzQiUwQSUyMCUyMCUyMCUyMCUyMCUyMCUyMCUyMGxpbmUtaGVpZ2h0JTNBJTIwMzdweCUzQiUwQSUyMCUyMCUyMCUyMCUyMCUyMCUyMCUyMHBvc2l0aW9uJTNBJTIwcmVsYXRpdmUlM0IlMEElMjAlMjAlMjAlMjAlMjAlMjAlMjAlMjBsZWZ0JTNBJTIwNTBweCUzQiUwQSUyMCUyMCUyMCUyMCUyMCUyMCUyMCUyMHJpZ2h0JTNBJTIwNTBweCUzQiUwQSUyMCUyMCUyMCUyMCUyMCUyMCUyMG1hcmdpbi1sZWZ0JTNBJTIwJTIwNDBweCUzQiUwQSU3RCUwQSUyMCUyMCUyMCUyMC5kaXYlM0Fob3ZlciUyMC50eHQtYmx1ZSUyMCU3QiUyMCUwQSUyMCUyMCUyMCUyMCUyMCUyMCUyMCUyMGNvbG9yJTNBJTIwJTIzQzcxNTg1JTNCJTBBJTIwJTIwJTIwJTIwJTIwJTIwJTIwZm9udC13ZWlnaHQlM0ElMjBib2xkJTNCJTBBJTIwJTIwJTIwJTIwJTIwJTIwJTIwbGV0dGVyLXNwYWNpbmclM0ElMjAycHglM0IlMEElMjAlN0QlMEElMEElMjAlMjAlMjAlMjAuZGl2JTNBaG92ZXIlMjAuaGlnaGxpZ2h0LWJsdWUlMjAlN0IlMjAlMjAlMEElMjAlMjAlMjAlMjAlMjAlMjAlMjAlMjBiYWNrZ3JvdW5kLWNvbG9yJTNBJTIwJTIzQzcxNTg1JTNCJTBBJTIwJTIwJTIwJTIwJTIwJTIwJTIwJTIwZm9udC13ZWlnaHQlM0ElMjA0MDAlM0IlMEElMjAlMjAlMjAlMjAlMjAlMjAlMjAlMjB0cmFuc2l0aW9uJTNBJTIwJTIwLjdzJTNCJTBBJTIwJTIwJTIwJTIwJTIwJTIwJTIwJTIwbGV0dGVyLXNwYWNpbmclM0ElMjAycHglM0IlMEElN0QlMjAlMjAlMjAlMjAlMEElM0MlMkZzdHlsZSUzRSUwQSUwQSUzQ2ElMjBocmVmJTNEJTIyaHR0cCUzQSUyRiUyRmNsb3Rjb25zZWlsLmNhJTJGYmxvZ3VlJTJGbWlldXgtcGVuc2VyLXBvdXItYmllbi1pbmZsdWVuY2VyLWV0LWFnaXIlMkYlMjIlM0UlMEElM0NkaXYlMjAlMjBjbGFzcyUzRCUyMmRpdiUyMiUzRSUwQSUyMCUyMCUyMCUzQ2NlbnRlciUzRSUwQSUyMCUyMCUyMCUyMCUzQ3NwYW4lMjBjbGFzcyUzRCUyMmhpZ2hsaWdodC1ibHVlJTIyJTNFTWlldXglM0MlMkZzcGFuJTNFJTBBJTIwJTIwJTIwJTIwJTNDc3BhbiUyMGNsYXNzJTNEJTIydHh0LWJsdWUlMjIlMjIlMjAlM0VwZW5zZXIlM0MlMkZzcGFuJTNFJTBBJTNDYnIlM0UlMEElMjAlMjAlMjAlMjAlM0NzcGFuJTIwY2xhc3MlM0QlMjJoaWdobGlnaHQtYmx1ZSUyMiUzRVBvdXIlMjBiaWVuJTNDJTJGc3BhbiUzRSUwQSUyMCUyMCUyMCUyMCUzQ3NwYW4lMjBjbGFzcyUzRCUyMnR4dC1ibHVlJTIyJTNFaW5mbHVlbmNlciUzQyUyRnNwYW4lM0UlMjAlMEElM0NiciUzRSUwQSUyMCUyMCUyMCUyMCUzQ3NwYW4lMjBjbGFzcyUzRCUyMmhpZ2hsaWdodC1ibHVlJTIyJTNFRXQlM0MlMkZzcGFuJTNFJTBBJTIwJTIwJTIwJTIwJTNDc3BhbiUyMGNsYXNzJTNEJTIydHh0LWJsdWUlMjIlM0VhZ2lyJTNDJTJGc3BhbiUzRSUwQSUyMCUyMCUyMCUzQyUyRmNlbnRlciUzRSUwQSUzQyUyRmRpdiUzRSUwQSUzQyUyRmElM0UlMEE=[\/vc_raw_html][\/vc_column][vc_column width=\u00a0\u00bb1\/3&Prime; css=\u00a0\u00bb.vc_custom_1480892244952{margin-left: -100px !important;margin-right: 80px;padding-left: 0px !important;}\u00a0\u00bb][vc_raw_html]JTNDYSUyMGhyZWYlM0QlMjJodHRwJTNBJTJGJTJGY2xvdGNvbnNlaWwuY2ElMkZibG9ndWUlMkZyZXNpbGllbmNlLWF1LXRyYXZhaWwlMkYlMjIlM0UlM0NkaXYlMjBjbGFzcyUzRCUyMmRpdiUyMiUzRSUwQSUyMCUyMCUyMCUzQ2NlbnRlciUzRSUwQSUyMCUyMCUyMCUyMCUzQ3NwYW4lMjBjbGFzcyUzRCUyMmhpZ2hsaWdodC1yZWQlMjIlM0VSZXNpbGllbmNlJTIwYXUlM0MlMkZzcGFuJTNFJTBBJTIwJTIwJTIwJTIwJTNDcCUyMGNsYXNzJTNEJTIydHh0LXJlZCUyMiUyMCUzRVRyYXZhaWwlM0MlMkZwJTNFJTBBJTIwJTIwJTIwJTIwJTNDJTJGY2VudGVyJTNFJTBBJTNDJTJGZGl2JTNFJTNDJTJGYSUzRQ==[\/vc_raw_html][\/vc_column][\/vc_row][vc_row css=\u00a0\u00bb.vc_custom_1480494364607{margin-right: 5px !important;margin-left: 5px !important;}\u00a0\u00bb][vc_column text_align=\u00a0\u00bbcenter\u00a0\u00bb][vc_empty_space][vc_custom_heading text=\u00a0\u00bb\u00c9v\u00e9nements \u00e0 venir\u00a0\u00bb font_container=\u00a0\u00bbtag:h2|text_align:left|color:%23777777&Prime; google_fonts=\u00a0\u00bbfont_family:Raleway%3A100%2C200%2C300%2Cregular%2C500%2C600%2C700%2C800%2C900|font_style:400%20regular%3A400%3Anormal\u00a0\u00bb css=\u00a0\u00bb.vc_custom_1504395623934{margin-bottom: 20px !important;}\u00a0\u00bb][vc_empty_space]            <script type=\"text\/javascript\">\r\n                if (typeof stachethemes_ec_instance === \"undefined\") {\r\n                    var stachethemes_ec_instance = [];\r\n                }\r\n                stachethemes_ec_instance.push({\"general_settings\":{\"first_day_of_the_week\":\"mon\",\"date_format\":\"mm-dd-yy\",\"date_label_gmtutc\":\"1\",\"date_in_user_local_time\":\"0\",\"time_format\":\"24\",\"weather_api_key\":\"\",\"temp_units\":\"C\",\"wind_units\":\"KPH\",\"gmaps_api_key\":\"AIzaSyDTgWlB5d5rXfQpNi0kGbpaBZbxXQpdXVY\",\"disqus_shortname\":\"\",\"reminder\":\"0\",\"view\":\"agenda\",\"show_top\":\"1\",\"show_views\":\"1\",\"show_search\":\"1\",\"show_calfilter\":\"1\",\"show_event_title_all_cells\":\"1\",\"event_auto_focus\":\"1\",\"event_auto_focus_offset\":\"0\",\"agenda_get_n\":\"30\",\"agenda_cal_display\":\"1\",\"agenda_list_display\":\"1\",\"reverse_agenda_list\":\"0\",\"tooltip_display\":\"1\",\"show_create_event_form\":0,\"show_export_buttons\":\"1\",\"social_links\":\"1\",\"open_event_in\":\"self\"},\"captcha\":{\"enabled\":\"0\",\"site_key\":\"\"},\"id\":\"stec-id-6a0520dacc4b4\",\"siteurl\":\"https:\\\/\\\/clotconseil.ca\\\/blogue\",\"calendars\":[{\"id\":\"1\",\"title\":\"Leadership au f\\u00e9minin\",\"color\":\"#d660f0\",\"timezone\":\"UTC\"},{\"id\":\"2\",\"title\":\"Mieux penser pour bien influencer et agir\",\"color\":\"#f06060\",\"timezone\":\"UTC\"},{\"id\":\"3\",\"title\":\"Rubrique La r\\u00e9silience au travail\",\"color\":\"#608bf0\",\"timezone\":\"UTC\"}],\"single_page_url\":\"https:\\\/\\\/clotconseil.ca\\\/blogue\\\/\\\/\"});\r\n            <\/script>\r\n        <p>Stachethemes Event Calendar is not activated. To activate it go to <a href=\"https:\/\/clotconseil.ca\/blogue\/wp-admin\/admin.php?page=stec_menu__license\">Dashboard -> Stachethemes Event Calendar -> Product License<\/a><\/p>[\/vc_column][\/vc_row][vc_row css=\u00a0\u00bb.vc_custom_1480494364607{margin-right: 5px !important;margin-left: 5px !important;}\u00a0\u00bb][vc_column][vc_empty_space][vc_empty_space][vc_custom_heading text=\u00a0\u00bbPublications r\u00e9centes\u00a0\u00bb font_container=\u00a0\u00bbtag:h2|text_align:left|color:%23777777&Prime; google_fonts=\u00a0\u00bbfont_family:Raleway%3A100%2C200%2C300%2Cregular%2C500%2C600%2C700%2C800%2C900|font_style:400%20regular%3A400%3Anormal\u00a0\u00bb css=\u00a0\u00bb.vc_custom_1480921768123{margin-bottom: 20px !important;}\u00a0\u00bb][vc_masonry_grid post_type=\u00a0\u00bbpost\u00a0\u00bb max_items=\u00a0\u00bb10&Prime; style=\u00a0\u00bblazy\u00a0\u00bb show_filter=\u00a0\u00bbyes\u00a0\u00bb item=\u00a0\u00bb16140&Prime; initial_loading_animation=\u00a0\u00bbfadeIn\u00a0\u00bb grid_id=\u00a0\u00bbvc_gid:1601697341754-4dca84ce-07e1-6&Prime; filter_source=\u00a0\u00bbcategory\u00a0\u00bb taxonomies=\u00a0\u00bb30, 34, 33, 31&Prime; exclude=\u00a0\u00bb16327&Prime;][\/vc_column][\/vc_row][vc_row][vc_column][vc_empty_space][vc_custom_heading text=\u00a0\u00bb\u00c0 propos de ghislaine clot Conseil\u00a0\u00bb font_container=\u00a0\u00bbtag:h2|text_align:left|color:%23777777&Prime; google_fonts=\u00a0\u00bbfont_family:Raleway%3A100%2C200%2C300%2Cregular%2C500%2C600%2C700%2C800%2C900|font_style:400%20regular%3A400%3Anormal\u00a0\u00bb css=\u00a0\u00bb.vc_custom_1480923682038{margin-bottom: 20px !important;}\u00a0\u00bb][\/vc_column][\/vc_row][vc_row][vc_column width=\u00a0\u00bb2\/3&Prime;][vc_column_text]<span class=\"cs-quote-style-3-alt\">C\u2019est une firme-conseil fond\u00e9e par Ghislaine Clot, consultante intervenant dans les champs du management et du d\u00e9veloppement organisationnel, en France et au Qu\u00e9bec, depuis 25 ans.<\/span>[\/vc_column_text][vc_raw_html css=\u00a0\u00bb.vc_custom_1585861712159{margin-top: -20px !important;}\u00a0\u00bb]JTNDYSUyMGhyZWYlM0QlMjJodHRwJTNBJTJGJTJGY2xvdGNvbnNlaWwuY2ElMjIlM0UlM0NwJTIwc3R5bGUlM0QlMjJmb250LXNpemUlM0EyMnB4JTNCY29sb3IlM0ElMjAlMjNDNzE1ODUlM0IlMjIlM0UlMkIlMjBFTiUyMFNBVk9JUiUyMFBMVVMlM0MlMkZwJTNFJTNDJTJGYSUzRQ==[\/vc_raw_html][\/vc_column][vc_column width=\u00a0\u00bb1\/3&Prime;][vc_single_image image=\u00a0\u00bb16132&Prime; img_size=\u00a0\u00bblarge\u00a0\u00bb alignment=\u00a0\u00bbright\u00a0\u00bb][\/vc_column][\/vc_row]<\/p>\n","protected":false},"excerpt":{"rendered":"<p>[vc_row full_width=\u00a0\u00bbtrue\u00a0\u00bb bg_video_transparent=\u00a0\u00bb0&Prime;][vc_column] LA R\u00c9SILIENCE ORGANISATIONNELLE, LA CL\u00c9 POUR REBONDIR ET SE PROPULSER ? par Ghislaine Clot [\/vc_column][\/vc_row][vc_row css=\u00a0\u00bb.vc_custom_1480494364607{margin-right: 5px !important;margin-left: 5px !important;}\u00a0\u00bb][vc_column text_align=\u00a0\u00bbcenter\u00a0\u00bb][vc_empty_space][\/vc_column][\/vc_row][vc_row css=\u00a0\u00bb.vc_custom_1480884903596{margin-right: 5px !important;margin-left: 5px !important;}\u00a0\u00bb][vc_column width=\u00a0\u00bb1\/3&Prime; text_align=\u00a0\u00bbcenter\u00a0\u00bb css=\u00a0\u00bb.vc_custom_1480892244952{margin-left: -80px !important; margin-right: 80px;padding-left: 0px !important;}\u00a0\u00bb][vc_raw_html]JTNDc3R5bGUlM0UlMEElMjAlMjAlMjAuaGlnaGxpZ2h0LXJlZCUyMCU3QiUwQSUyMCUyMCUyMCUyMCUyMCUyMCUyMGNvbG9yJTNBJTIwJTIzRkZGRkZGJTNCJTBBJTIwJTIwJTIwJTIwJTIwJTIwJTIwYmFja2dyb3VuZC1jb2xvciUzQSUyMCUyM0M3MTU4NSUzQiUwQSUyMCUyMCUyMCUyMCUyMCUyMCUyMHBhZGRpbmctbGVmdCUzQSUyMDVweCUzQiUwQSUyMCUyMCUyMCUyMCUyMCUyMCUyMHBhZGRpbmctcmlnaHQlM0ElMjA1cHglM0IlMEElMjAlMjAlMjAlMjAlMjAlMjAlMjBwb3NpdGlvbiUzQSUyMHJlbGF0aXZlJTNCJTBBJTIwJTIwJTIwJTIwJTIwJTIwJTIwdHJhbnNpdGlvbiUzQSUyMCUyMC43cyUzQiUwQSUyMCUyMCUyMCUyMCUyMCUyMCUyMGZvbnQtd2VpZ2h0JTNBJTIwMTAwJTNCJTBBJTdEJTIwJTBBJTIwJTIwJTIwJTIwLnR4dC1yZWQlMjAlN0IlMEElMjAlMjAlMjAlMjAlMjAlMjAlMjAlMjBjb2xvciUzQSUyMCUyMCUyM0M3MTU4NSUzQiUwQSUyMCUyMCUyMCUyMCUyMCUyMCUyMCUyMHBvc2l0aW9uJTNBJTIwcmVsYXRpdmUlM0IlMEElMjAlMjAlMjAlMjAlMjAlMjAlMjAlMjB0cmFuc2l0aW9uJTNBJTIwJTIwLjdzJTNCJTBBJTdEJTBBJTBBJTIwJTIwJTIwJTIwLmRpdiUyMCU3QiUwQSUyMCUyMCUyMCUyMCUyMCUyMCUyMCUyMGZvbnQtc2l6ZSUzQSUyMDMwcHglM0IlMEElMjAlMjAlMjAlMjAlMjAlMjAlMjAlMjBsaW5lLWhlaWdodCUzQSUyMDM3cHglM0IlMEElMjAlMjAlMjAlMjAlMjAlMjAlMjAlMjBwb3NpdGlvbiUzQSUyMHJlbGF0aXZlJTNCJTBBJTIwJTIwJTIwJTIwJTIwJTIwJTIwJTIwbGVmdCUzQSUyMDUwcHglM0IlMEElMjAlMjAlMjAlMjAlMjAlMjAlMjAlMjByaWdodCUzQSUyMDUwcHglM0IlMEElMjAlMjAlMjAlMjAlMjAlMjAlMjBtYXJnaW4tbGVmdCUzQSUyMCUyMDQwcHglM0IlMEElN0QlMEElMjAlMjAlMjAlMjAuZGl2JTNBaG92ZXIlMjAudHh0LXJlZCUyMCU3QiUyMCUwQSUyMCUyMCUyMCUyMCUyMCUyMCUyMCUyMGNvbG9yJTNBJTIwJTIzMDBDRUQxJTNCJTBBJTIwJTIwJTIwJTIwJTIwJTIwJTIwZm9udC13ZWlnaHQlM0ElMjBib2xkJTNCJTBBJTIwJTIwJTIwJTIwJTIwJTIwJTIwbGV0dGVyLXNwYWNpbmclM0ElMjAycHglM0IlMEElMjAlN0QlMEElMEElMjAlMjAlMjAlMjAuZGl2JTNBaG92ZXIlMjAuaGlnaGxpZ2h0LXJlZCUyMCU3QiUyMCUyMCUwQSUyMCUyMCUyMCUyMCUyMCUyMCUyMCUyMGJhY2tncm91bmQtY29sb3IlM0ElMjAlMjMwMENFRDElM0IlMEElMjAlMjAlMjAlMjAlMjAlMjAlMjAlMjBmb250LXdlaWdodCUzQSUyMDQwMCUzQiUwQSUyMCUyMCUyMCUyMCUyMCUyMCUyMCUyMHRyYW5zaXRpb24lM0ElMjAlMjAuN3MlM0IlMEElMjAlMjAlMjAlMjAlMjAlMjAlMjAlMjBsZXR0ZXItc3BhY2luZyUzQSUyMDJweCUzQiUwQSU3RCUyMCUyMCUyMCUyMCUwQSUzQyUyRnN0eWxlJTNFJTBBJTBBJTNDYSUyMGhyZWYlM0QlMjJodHRwJTNBJTJGJTJGY2xvdGNvbnNlaWwuY2ElMkZibG9ndWUlMkZsZWFkZXJzaGlwLWF1LWZlbWluaW4tbWFzY3VsaW4lMkYlMjIlM0UlMEElM0NkaXYlMjBjbGFzcyUzRCUyMmRpdiUyMiUzRSUwQSUyMCUyMCUyMCUzQ2NlbnRlciUzRSUwQSUyMCUyMCUyMCUyMCUzQ3NwYW4lMjBjbGFzcyUzRCUyMmhpZ2hsaWdodC1yZWQlMjIlM0VMZWFkZXJzaGlwJTIwYXUlM0MlMkZzcGFuJTNFJTBBJTIwJTIwJTIwJTIwJTNDcCUyMGNsYXNzJTNEJTIydHh0LXJlZCUyMiUyMCUzRUYlQzMlQTltaW5pbiUyMCUyNiUyME1hc2N1bGluJTNDJTJGcCUzRSUwQSUyMCUyMCUyMCUyMCUzQyUyRmNlbnRlciUzRSUwQSUzQyUyRmRpdiUzRSUzQyUyRmElM0U=[\/vc_raw_html][\/vc_column][vc_column width=\u00a0\u00bb1\/3&Prime; css=\u00a0\u00bb.vc_custom_1480892244952{margin-left: -80px !important;margin-right: 100px !important;padding-left: 0px&#8230;<\/p>\n","protected":false},"author":1,"featured_media":0,"parent":0,"menu_order":0,"comment_status":"closed","ping_status":"closed","template":"","meta":[],"_links":{"self":[{"href":"https:\/\/clotconseil.ca\/blogue\/wp-json\/wp\/v2\/pages\/9825"}],"collection":[{"href":"https:\/\/clotconseil.ca\/blogue\/wp-json\/wp\/v2\/pages"}],"about":[{"href":"https:\/\/clotconseil.ca\/blogue\/wp-json\/wp\/v2\/types\/page"}],"author":[{"embeddable":true,"href":"https:\/\/clotconseil.ca\/blogue\/wp-json\/wp\/v2\/users\/1"}],"replies":[{"embeddable":true,"href":"https:\/\/clotconseil.ca\/blogue\/wp-json\/wp\/v2\/comments?post=9825"}],"version-history":[{"count":109,"href":"https:\/\/clotconseil.ca\/blogue\/wp-json\/wp\/v2\/pages\/9825\/revisions"}],"predecessor-version":[{"id":16416,"href":"https:\/\/clotconseil.ca\/blogue\/wp-json\/wp\/v2\/pages\/9825\/revisions\/16416"}],"wp:attachment":[{"href":"https:\/\/clotconseil.ca\/blogue\/wp-json\/wp\/v2\/media?parent=9825"}],"curies":[{"name":"wp","href":"https:\/\/api.w.org\/{rel}","templated":true}]}}